{"id":31,"date":"2024-02-02T21:33:13","date_gmt":"2024-02-02T20:33:13","guid":{"rendered":"https:\/\/yan-avocats-rdc.com\/?page_id=31"},"modified":"2024-02-17T09:22:46","modified_gmt":"2024-02-17T08:22:46","slug":"consultation-gratuite","status":"publish","type":"page","link":"https:\/\/yan-avocats-rdc.com\/index.php\/consultation-gratuite\/","title":{"rendered":"Consultation gratuite"},"content":{"rendered":"<style>.kb-row-layout-id31_92d03b-8a > .kt-row-column-wrap{align-content:center;}:where(.kb-row-layout-id31_92d03b-8a > .kt-row-column-wrap) > .wp-block-kadence-column{justify-content:center;}.kb-row-layout-id31_92d03b-8a > .kt-row-column-wrap{column-gap:var(--global-kb-gap-lg, 4rem);row-gap:var(--global-kb-gap-md, 2rem);max-width:var( --global-content-width, 1290px );padding-left:var(--global-content-edge-padding);padding-right:var(--global-content-edge-padding);padding-top:var(--global-kb-spacing-xxl, 5rem);padding-bottom:var(--global-kb-spacing-xxl, 5rem);grid-template-columns:minmax(0, calc(50% - ((var(--global-kb-gap-lg, 4rem) * 1 )\/2)))minmax(0, calc(50% - ((var(--global-kb-gap-lg, 4rem) * 1 )\/2)));}.kb-row-layout-id31_92d03b-8a > .kt-row-layout-overlay{opacity:0.30;}@media all and (max-width: 1024px){.kb-row-layout-id31_92d03b-8a > .kt-row-column-wrap{column-gap:var(--global-kb-gap-md, 2rem);padding-top:var(--global-kb-spacing-lg, 3rem);padding-bottom:var(--global-kb-spacing-lg, 3rem);grid-template-columns:minmax(0, 1fr);}}@media all and (max-width: 1024px){.kb-row-layout-id31_92d03b-8a > .kt-row-column-wrap > .wp-block-kadence-column:nth-child(1){order:2;}}@media all and (max-width: 1024px){.kb-row-layout-id31_92d03b-8a > .kt-row-column-wrap > .wp-block-kadence-column:nth-child(2){order:1;}}@media all and (max-width: 1024px){.kb-row-layout-id31_92d03b-8a > .kt-row-column-wrap > .wp-block-kadence-column:nth-child(3){order:12;}}@media all and (max-width: 1024px){.kb-row-layout-id31_92d03b-8a > .kt-row-column-wrap > .wp-block-kadence-column:nth-child(4){order:11;}}@media all and (max-width: 1024px){.kb-row-layout-id31_92d03b-8a > .kt-row-column-wrap > .wp-block-kadence-column:nth-child(5){order:22;}}@media all and (max-width: 1024px){.kb-row-layout-id31_92d03b-8a > .kt-row-column-wrap > .wp-block-kadence-column:nth-child(6){order:21;}}@media all and (max-width: 1024px){.kb-row-layout-id31_92d03b-8a > .kt-row-column-wrap > .wp-block-kadence-column:nth-child(7){order:32;}}@media all and (max-width: 1024px){.kb-row-layout-id31_92d03b-8a > .kt-row-column-wrap > .wp-block-kadence-column:nth-child(8){order:31;}}@media all and (max-width: 767px){.kb-row-layout-id31_92d03b-8a > .kt-row-column-wrap{padding-right:var(--global-kb-spacing-xs, 1rem);padding-left:var(--global-kb-spacing-xs, 1rem);grid-template-columns:minmax(0, 1fr);}.kb-row-layout-id31_92d03b-8a > .kt-row-column-wrap > .wp-block-kadence-column:nth-child(1){order:2;}.kb-row-layout-id31_92d03b-8a > .kt-row-column-wrap > .wp-block-kadence-column:nth-child(2){order:1;}.kb-row-layout-id31_92d03b-8a > .kt-row-column-wrap > .wp-block-kadence-column:nth-child(3){order:12;}.kb-row-layout-id31_92d03b-8a > .kt-row-column-wrap > .wp-block-kadence-column:nth-child(4){order:11;}.kb-row-layout-id31_92d03b-8a > .kt-row-column-wrap > .wp-block-kadence-column:nth-child(5){order:22;}.kb-row-layout-id31_92d03b-8a > .kt-row-column-wrap > .wp-block-kadence-column:nth-child(6){order:21;}.kb-row-layout-id31_92d03b-8a > .kt-row-column-wrap > .wp-block-kadence-column:nth-child(7){order:32;}.kb-row-layout-id31_92d03b-8a > .kt-row-column-wrap > .wp-block-kadence-column:nth-child(8){order:31;}}<\/style><div class=\"kb-row-layout-wrap kb-row-layout-id31_92d03b-8a alignfull has-theme-palette9-background-color kt-row-has-bg wp-block-kadence-rowlayout\"><div class=\"kt-row-column-wrap kt-has-2-columns kt-row-layout-equal kt-tab-layout-row kt-mobile-layout-row kt-row-valign-middle kb-theme-content-width\">\n<style>.kadence-column31_9d6597-b2 > .kt-inside-inner-col{padding-top:var(--global-kb-spacing-md, 2rem);padding-right:var(--global-kb-spacing-md, 2rem);padding-bottom:var(--global-kb-spacing-md, 2rem);padding-left:var(--global-kb-spacing-md, 2rem);}.kadence-column31_9d6597-b2 > .kt-inside-inner-col,.kadence-column31_9d6597-b2 > .kt-inside-inner-col:before{border-top-left-radius:5px;border-top-right-radius:5px;border-bottom-right-radius:5px;border-bottom-left-radius:5px;}.kadence-column31_9d6597-b2 > .kt-inside-inner-col{column-gap:0px;}.kadence-column31_9d6597-b2 > .kt-inside-inner-col{flex-direction:column;}.kadence-column31_9d6597-b2 > .kt-inside-inner-col > .aligncenter{width:100%;}.kadence-column31_9d6597-b2 > .kt-inside-inner-col{background-color:var(--global-palette8, #F7FAFC);}.kadence-column31_9d6597-b2 > .kt-inside-inner-col:before{opacity:0.3;}.kadence-column31_9d6597-b2{text-align:left;}.kadence-column31_9d6597-b2{position:relative;}@media all and (max-width: 1024px){.kadence-column31_9d6597-b2 > .kt-inside-inner-col{flex-direction:column;}}@media all and (max-width: 767px){.kadence-column31_9d6597-b2 > .kt-inside-inner-col{padding-top:var(--global-kb-spacing-xs, 1rem);padding-right:var(--global-kb-spacing-xs, 1rem);padding-bottom:var(--global-kb-spacing-xs, 1rem);padding-left:var(--global-kb-spacing-xs, 1rem);flex-direction:column;}}<\/style>\n<div class=\"wp-block-kadence-column kadence-column31_9d6597-b2 kb-section-dir-vertical inner-column-2\"><div class=\"kt-inside-inner-col\"><style>.kadence-form-31_108c3d-54 .kb-form .kadence-blocks-form-field .kb-text-style-field, .kadence-form-31_108c3d-54 .kb-form .kadence-blocks-form-field .kb-select-style-field{color:var(--global-palette4, #2D3748);background:var(--global-palette9, #ffffff);border-color:var(--global-palette7, #EDF2F7);}.kadence-form-31_108c3d-54 .kb-form .kadence-blocks-form-field > label{color:var(--global-palette6, #718096);}<\/style>\n<div class=\"wp-block-kadence-form kadence-form-31_108c3d-54 kb-form-wrap\"><form class=\"kb-form\" action=\"\" method=\"post\"><div class=\"kadence-blocks-form-field kb-field-desk-width-100 kb-input-size-standard\"><label for=\"kb_field_31_108c3d-54_0\">Nom complet<span class=\"required\">*<\/span><\/label><input name=\"kb_field_0\" id=\"kb_field_31_108c3d-54_0\" data-label=\"Nom complet\" type=\"text\" placeholder=\"\" value=\"\" data-type=\"text\" class=\"kb-field kb-text-style-field kb-text-field kb-field-0\" data-required=\"yes\"\/><\/div><div class=\"kadence-blocks-form-field kb-form-field-1 kb-field-desk-width-100 kb-input-size-standard\"><label for=\"kb_field_31_108c3d-54_1\">Objet<span class=\"required\">*<\/span><\/label><input name=\"kb_field_1\" id=\"kb_field_31_108c3d-54_1\" data-label=\"Objet\" type=\"email\" placeholder=\"\" value=\"\" data-type=\"email\" class=\"kb-field kb-text-style-field kb-email-field kb-field-1\" data-required=\"yes\"\/><\/div><div class=\"kadence-blocks-form-field kb-form-field-2 kb-field-desk-width-100 kb-input-size-standard\"><label for=\"kb_field_31_108c3d-54_2\">Email<span class=\"required\">*<\/span><\/label><input name=\"kb_field_2\" id=\"kb_field_31_108c3d-54_2\" data-label=\"Email\" type=\"email\" placeholder=\"\" value=\"\" data-type=\"email\" class=\"kb-field kb-text-style-field kb-email-field kb-field-2\" data-required=\"yes\"\/><\/div><div class=\"kadence-blocks-form-field kb-form-field-3 kb-field-desk-width-100 kb-input-size-standard\"><label for=\"kb_field_31_108c3d-54_3\">Message<span class=\"required\">*<\/span><\/label><textarea name=\"kb_field_3\" id=\"kb_field_31_108c3d-54_3\" data-label=\"Message\" type=\"textarea\" placeholder=\"\" data-type=\"textarea\" class=\"kb-field kb-text-style-field kb-textarea-field kb-field-3\" rows=\"4\" data-required=\"yes\"><\/textarea><\/div><input type=\"hidden\" name=\"_kb_form_id\" value=\"31_108c3d-54\"\/><input type=\"hidden\" name=\"_kb_form_post_id\" value=\"31\"\/><input type=\"hidden\" name=\"action\" value=\"kb_process_ajax_submit\"\/><input class=\"kadence-blocks-field verify\" type=\"text\" name=\"_kb_verify_email\" autocomplete=\"new-password\" aria-hidden=\"true\" placeholder=\"Email\" tabindex=\"-1\" data-1p-ignore=\"true\" data-lpignore=\"true\" \/><div class=\"kadence-blocks-form-field kb-submit-field kb-field-desk-width-100\"><button class=\"kb-forms-submit button kb-button-size-standard kb-button-width-auto\">Envoyez<\/button><\/div><\/form><\/div>\n<noscript><div class=\"kadence-blocks-form-message kadence-blocks-form-warning\">Veuillez activer JavaScript dans votre navigateur pour envoyer le formulaire.<\/div><style>.kadence-form-31_108c3d-54 .kadence-blocks-form-field.kb-submit-field { display: none; }<\/style><\/noscript><\/div><\/div>\n\n\n<style>.kadence-column31_9e1a2b-81 > .kt-inside-inner-col{display:flex;}.kadence-column31_9e1a2b-81 > .kt-inside-inner-col,.kadence-column31_9e1a2b-81 > .kt-inside-inner-col:before{border-top-left-radius:0px;border-top-right-radius:0px;border-bottom-right-radius:0px;border-bottom-left-radius:0px;}.kadence-column31_9e1a2b-81 > .kt-inside-inner-col{column-gap:var(--global-kb-gap-sm, 1rem);}.kadence-column31_9e1a2b-81 > .kt-inside-inner-col{flex-direction:column;justify-content:center;}.kadence-column31_9e1a2b-81 > .kt-inside-inner-col > .aligncenter{width:100%;}.kt-row-column-wrap > .kadence-column31_9e1a2b-81{align-self:center;}.kt-inner-column-height-full:not(.kt-has-1-columns) > .wp-block-kadence-column.kadence-column31_9e1a2b-81{align-self:auto;}.kt-inner-column-height-full:not(.kt-has-1-columns) > .wp-block-kadence-column.kadence-column31_9e1a2b-81 > .kt-inside-inner-col{flex-direction:column;justify-content:center;}.kadence-column31_9e1a2b-81 > .kt-inside-inner-col:before{opacity:0.3;}.kadence-column31_9e1a2b-81{text-align:left;}.kadence-column31_9e1a2b-81{position:relative;}@media all and (max-width: 1024px){.kt-row-column-wrap > .kadence-column31_9e1a2b-81{align-self:center;}}@media all and (max-width: 1024px){.kt-inner-column-height-full:not(.kt-has-1-columns) > .wp-block-kadence-column.kadence-column31_9e1a2b-81{align-self:auto;}}@media all and (max-width: 1024px){.kt-inner-column-height-full:not(.kt-has-1-columns) > .wp-block-kadence-column.kadence-column31_9e1a2b-81 > .kt-inside-inner-col{flex-direction:column;justify-content:center;}}@media all and (max-width: 1024px){.kadence-column31_9e1a2b-81 > .kt-inside-inner-col{flex-direction:column;}}@media all and (max-width: 767px){.kt-row-column-wrap > .kadence-column31_9e1a2b-81{align-self:center;}.kt-inner-column-height-full:not(.kt-has-1-columns) > .wp-block-kadence-column.kadence-column31_9e1a2b-81{align-self:auto;}.kt-inner-column-height-full:not(.kt-has-1-columns) > .wp-block-kadence-column.kadence-column31_9e1a2b-81 > .kt-inside-inner-col{flex-direction:column;justify-content:center;}.kadence-column31_9e1a2b-81 > .kt-inside-inner-col{flex-direction:column;}}<\/style>\n<div class=\"wp-block-kadence-column kadence-column31_9e1a2b-81 kb-section-dir-vertical inner-column-1\"><div class=\"kt-inside-inner-col\"><style>.wp-block-kadence-advancedheading.kt-adv-heading31_4337ba-76, .wp-block-kadence-advancedheading.kt-adv-heading31_4337ba-76[data-kb-block=\"kb-adv-heading31_4337ba-76\"]{padding-top:0px;margin-top:var(--global-kb-spacing-xs, 1rem);line-height:1.2em;font-style:normal;}.wp-block-kadence-advancedheading.kt-adv-heading31_4337ba-76 mark.kt-highlight, .wp-block-kadence-advancedheading.kt-adv-heading31_4337ba-76[data-kb-block=\"kb-adv-heading31_4337ba-76\"] mark.kt-highlight{font-style:normal;color:#f76a0c;padding-top:0px;padding-right:0px;padding-bottom:0px;padding-left:0px;}@media all and (max-width: 1024px){.wp-block-kadence-advancedheading.kt-adv-heading31_4337ba-76, .wp-block-kadence-advancedheading.kt-adv-heading31_4337ba-76[data-kb-block=\"kb-adv-heading31_4337ba-76\"]{text-align:center!important;}}<\/style>\n<h2 class=\"kt-adv-heading31_4337ba-76 wp-block-kadence-advancedheading has-theme-palette-3-color has-text-color\" data-kb-block=\"kb-adv-heading31_4337ba-76\">Consultation juridique gratuite<\/h2>\n\n\n<style>.wp-block-kadence-advancedheading.kt-adv-heading31_a5b03c-6c, .wp-block-kadence-advancedheading.kt-adv-heading31_a5b03c-6c[data-kb-block=\"kb-adv-heading31_a5b03c-6c\"]{font-style:normal;}.wp-block-kadence-advancedheading.kt-adv-heading31_a5b03c-6c mark.kt-highlight, .wp-block-kadence-advancedheading.kt-adv-heading31_a5b03c-6c[data-kb-block=\"kb-adv-heading31_a5b03c-6c\"] mark.kt-highlight{font-style:normal;color:#f76a0c;padding-top:0px;padding-right:0px;padding-bottom:0px;padding-left:0px;}@media all and (max-width: 1024px){.wp-block-kadence-advancedheading.kt-adv-heading31_a5b03c-6c, .wp-block-kadence-advancedheading.kt-adv-heading31_a5b03c-6c[data-kb-block=\"kb-adv-heading31_a5b03c-6c\"]{text-align:center!important;}}<\/style>\n<p class=\"kt-adv-heading31_a5b03c-6c wp-block-kadence-advancedheading has-theme-palette-3-color has-text-color\" data-kb-block=\"kb-adv-heading31_a5b03c-6c\">Tous nos avocats sont disponibles toute la semaine ouvrable pour vous fournir leur meilleure analyse initiale sur toute question juridique. Une fois que vous avez d\u00e9cid\u00e9 de nous embaucher pour votre d\u00e9fense ou votre attaque, nous serons l\u00e0 pour vous jusqu&rsquo;\u00e0 ce que nous gagnions votre cause&nbsp;!<\/p>\n\n\n<style>.kadence-column31_1c4ec7-8e > .kt-inside-inner-col{display:flex;}.kadence-column31_1c4ec7-8e > .kt-inside-inner-col,.kadence-column31_1c4ec7-8e > .kt-inside-inner-col:before{border-top-left-radius:0px;border-top-right-radius:0px;border-bottom-right-radius:0px;border-bottom-left-radius:0px;}.kadence-column31_1c4ec7-8e > .kt-inside-inner-col{column-gap:var(--global-kb-gap-sm, 1rem);}.kadence-column31_1c4ec7-8e > .kt-inside-inner-col{flex-direction:row;flex-wrap:wrap;align-items:center;}.kadence-column31_1c4ec7-8e > .kt-inside-inner-col > *, .kadence-column31_1c4ec7-8e > .kt-inside-inner-col > figure.wp-block-image, .kadence-column31_1c4ec7-8e > .kt-inside-inner-col > figure.wp-block-kadence-image{margin-top:0px;margin-bottom:0px;}.kadence-column31_1c4ec7-8e > .kt-inside-inner-col > .kb-image-is-ratio-size{flex-grow:1;}.kadence-column31_1c4ec7-8e > .kt-inside-inner-col:before{opacity:0.3;}.kadence-column31_1c4ec7-8e{position:relative;}@media all and (max-width: 1024px){.kadence-column31_1c4ec7-8e > .kt-inside-inner-col{flex-direction:row;flex-wrap:wrap;}}@media all and (min-width: 768px) and (max-width: 1024px){.kadence-column31_1c4ec7-8e > .kt-inside-inner-col > *, .kadence-column31_1c4ec7-8e > .kt-inside-inner-col > figure.wp-block-image, .kadence-column31_1c4ec7-8e > .kt-inside-inner-col > figure.wp-block-kadence-image{margin-top:0px;margin-bottom:0px;}.kadence-column31_1c4ec7-8e > .kt-inside-inner-col > .kb-image-is-ratio-size{flex-grow:1;}}@media all and (max-width: 767px){.kadence-column31_1c4ec7-8e > .kt-inside-inner-col{flex-direction:row;flex-wrap:wrap;}.kadence-column31_1c4ec7-8e > .kt-inside-inner-col > *, .kadence-column31_1c4ec7-8e > .kt-inside-inner-col > figure.wp-block-image, .kadence-column31_1c4ec7-8e > .kt-inside-inner-col > figure.wp-block-kadence-image{margin-top:0px;margin-bottom:0px;}.kadence-column31_1c4ec7-8e > .kt-inside-inner-col > .kb-image-is-ratio-size{flex-grow:1;}}<\/style>\n<div class=\"wp-block-kadence-column kadence-column31_1c4ec7-8e kb-section-dir-horizontal\"><div class=\"kt-inside-inner-col\"><style>.wp-block-kadence-advancedheading.kt-adv-heading31_0f2a47-d9, .wp-block-kadence-advancedheading.kt-adv-heading31_0f2a47-d9[data-kb-block=\"kb-adv-heading31_0f2a47-d9\"]{display:block;font-size:var(--global-kb-font-size-sm, 0.9rem);font-weight:700;font-style:normal;}.wp-block-kadence-advancedheading.kt-adv-heading31_0f2a47-d9 mark.kt-highlight, .wp-block-kadence-advancedheading.kt-adv-heading31_0f2a47-d9[data-kb-block=\"kb-adv-heading31_0f2a47-d9\"] mark.kt-highlight{font-style:normal;color:#f76a0c;padding-top:0px;padding-right:0px;padding-bottom:0px;padding-left:0px;}@media all and (max-width: 1024px){.wp-block-kadence-advancedheading.kt-adv-heading31_0f2a47-d9, .wp-block-kadence-advancedheading.kt-adv-heading31_0f2a47-d9[data-kb-block=\"kb-adv-heading31_0f2a47-d9\"]{text-align:center!important;}}<\/style>\n<span class=\"kt-adv-heading31_0f2a47-d9 wp-block-kadence-advancedheading has-theme-palette-3-color has-text-color\" data-kb-block=\"kb-adv-heading31_0f2a47-d9\">Nos r\u00e9seaux sociaux :<\/span>\n\n\n<style>.kt-svg-icons31_9cf263-ba .kt-svg-item-0 .kb-svg-icon-wrap{color:var(--global-palette4, #2D3748);font-size:50px;}.wp-block-kadence-icon.kt-svg-icons31_9cf263-ba{justify-content:flex-start;gap:var(--global-kb-gap-sm, 1rem);}@media all and (max-width: 1024px){.wp-block-kadence-icon.kt-svg-icons31_9cf263-ba{justify-content:center;}}<\/style>\n<div class=\"wp-block-kadence-icon kt-svg-icons kt-svg-icons31_9cf263-ba alignnone\"><style>.kt-svg-item-31_d88259-5c .kb-svg-icon-wrap{color:var(--global-palette1, #3182CE);font-size:20px;background:var(--global-palette8, #F7FAFC);border-width:0px;border-radius:50%;padding-top:var(--global-kb-spacing-xs, 1rem);padding-right:var(--global-kb-spacing-xs, 1rem);padding-bottom:var(--global-kb-spacing-xs, 1rem);padding-left:var(--global-kb-spacing-xs, 1rem);}<\/style>\n<div class=\"wp-block-kadence-single-icon kt-svg-style-stacked kt-svg-icon-wrap kt-svg-item-31_d88259-5c\"><span class=\"kb-svg-icon-wrap kb-svg-icon-fa_facebook-f\"><svg viewBox=\"0 0 320 512\"  fill=\"currentColor\" xmlns=\"http:\/\/www.w3.org\/2000\/svg\"  aria-hidden=\"true\"><path d=\"M279.14 288l14.22-92.66h-88.91v-60.13c0-25.35 12.42-50.06 52.24-50.06h40.42V6.26S260.43 0 225.36 0c-73.22 0-121.08 44.38-121.08 124.72v70.62H22.89V288h81.39v224h100.17V288z\"\/><\/svg><\/span><\/div>\n\n\n<style>.kt-svg-item-31_de3777-f1 .kb-svg-icon-wrap{color:var(--global-palette1, #3182CE);font-size:17px;background:var(--global-palette8, #F7FAFC);border-width:0px;border-radius:50%;padding-top:var(--global-kb-spacing-xs, 1rem);padding-right:var(--global-kb-spacing-xs, 1rem);padding-bottom:var(--global-kb-spacing-xs, 1rem);padding-left:var(--global-kb-spacing-xs, 1rem);}<\/style>\n<div class=\"wp-block-kadence-single-icon kt-svg-style-stacked kt-svg-icon-wrap kt-svg-item-31_de3777-f1\"><span class=\"kb-svg-icon-wrap kb-svg-icon-ic_twitterX\"><svg viewBox=\"0 0 1200 1227\"  fill=\"currentColor\" xmlns=\"http:\/\/www.w3.org\/2000\/svg\"  aria-hidden=\"true\"><path d=\"M714.163 519.284L1160.89 0H1055.03L667.137 450.887L357.328 0H0L468.492 681.821L0 1226.37H105.866L515.491 750.218L842.672 1226.37H1200L714.137 519.284H714.163ZM569.165 687.828L521.697 619.934L144.011 79.6944H306.615L611.412 515.685L658.88 583.579L1055.08 1150.3H892.476L569.165 687.854V687.828Z\"\/><\/svg><\/span><\/div>\n\n\n<style>.kt-svg-item-31_b046b2-c4 .kb-svg-icon-wrap{color:var(--global-palette1, #3182CE);font-size:20px;background:var(--global-palette8, #F7FAFC);border-width:0px;border-radius:50%;padding-top:var(--global-kb-spacing-xs, 1rem);padding-right:var(--global-kb-spacing-xs, 1rem);padding-bottom:var(--global-kb-spacing-xs, 1rem);padding-left:var(--global-kb-spacing-xs, 1rem);}<\/style>\n<div class=\"wp-block-kadence-single-icon kt-svg-style-stacked kt-svg-icon-wrap kt-svg-item-31_b046b2-c4\"><span class=\"kb-svg-icon-wrap kb-svg-icon-fa_youtube\"><svg viewBox=\"0 0 576 512\"  fill=\"currentColor\" xmlns=\"http:\/\/www.w3.org\/2000\/svg\"  aria-hidden=\"true\"><path d=\"M549.655 124.083c-6.281-23.65-24.787-42.276-48.284-48.597C458.781 64 288 64 288 64S117.22 64 74.629 75.486c-23.497 6.322-42.003 24.947-48.284 48.597-11.412 42.867-11.412 132.305-11.412 132.305s0 89.438 11.412 132.305c6.281 23.65 24.787 41.5 48.284 47.821C117.22 448 288 448 288 448s170.78 0 213.371-11.486c23.497-6.321 42.003-24.171 48.284-47.821 11.412-42.867 11.412-132.305 11.412-132.305s0-89.438-11.412-132.305zm-317.51 213.508V175.185l142.739 81.205-142.739 81.201z\"\/><\/svg><\/span><\/div>\n\n\n<style>.kt-svg-item-31_1a01c3-f8 .kb-svg-icon-wrap{color:var(--global-palette1, #3182CE);font-size:20px;background:var(--global-palette8, #F7FAFC);border-width:0px;border-radius:50%;padding-top:var(--global-kb-spacing-xs, 1rem);padding-right:var(--global-kb-spacing-xs, 1rem);padding-bottom:var(--global-kb-spacing-xs, 1rem);padding-left:var(--global-kb-spacing-xs, 1rem);}<\/style>\n<div class=\"wp-block-kadence-single-icon kt-svg-style-stacked kt-svg-icon-wrap kt-svg-item-31_1a01c3-f8\"><span class=\"kb-svg-icon-wrap kb-svg-icon-fe_instagram\"><svg viewBox=\"0 0 24 24\"  fill=\"none\" stroke=\"currentColor\" stroke-width=\"2\" stroke-linecap=\"round\" stroke-linejoin=\"round\" xmlns=\"http:\/\/www.w3.org\/2000\/svg\"  aria-hidden=\"true\"><rect x=\"2\" y=\"2\" width=\"20\" height=\"20\" rx=\"5\" ry=\"5\"\/><path d=\"M16 11.37A4 4 0 1 1 12.63 8 4 4 0 0 1 16 11.37z\"\/><line x1=\"17.5\" y1=\"6.5\" x2=\"17.5\" y2=\"6.5\"\/><\/svg><\/span><\/div>\n<\/div>\n<\/div><\/div>\n<\/div><\/div>\n\n<\/div><\/div>","protected":false},"excerpt":{"rendered":"<p>Consultation juridique gratuite Tous nos avocats sont disponibles toute la semaine ouvrable pour vous fournir leur meilleure analyse initiale sur toute question juridique. Une fois que vous avez d\u00e9cid\u00e9 de nous embaucher pour votre d\u00e9fense ou votre attaque, nous serons l\u00e0 pour vous jusqu&rsquo;\u00e0 ce que nous gagnions votre cause&nbsp;! Nos r\u00e9seaux sociaux :<\/p>\n","protected":false},"author":1,"featured_media":0,"parent":0,"menu_order":0,"comment_status":"closed","ping_status":"closed","template":"","meta":{"om_disable_all_campaigns":false,"_monsterinsights_skip_tracking":false,"_monsterinsights_sitenote_active":false,"_monsterinsights_sitenote_note":"","_monsterinsights_sitenote_category":0,"_kad_post_transparent":"","_kad_post_title":"hide","_kad_post_layout":"fullwidth","_kad_post_sidebar_id":"","_kad_post_content_style":"","_kad_post_vertical_padding":"","_kad_post_feature":"","_kad_post_feature_position":"","_kad_post_header":false,"_kad_post_footer":false,"footnotes":""},"class_list":["post-31","page","type-page","status-publish","hentry"],"aioseo_notices":[],"_links":{"self":[{"href":"https:\/\/yan-avocats-rdc.com\/index.php\/wp-json\/wp\/v2\/pages\/31"}],"collection":[{"href":"https:\/\/yan-avocats-rdc.com\/index.php\/wp-json\/wp\/v2\/pages"}],"about":[{"href":"https:\/\/yan-avocats-rdc.com\/index.php\/wp-json\/wp\/v2\/types\/page"}],"author":[{"embeddable":true,"href":"https:\/\/yan-avocats-rdc.com\/index.php\/wp-json\/wp\/v2\/users\/1"}],"replies":[{"embeddable":true,"href":"https:\/\/yan-avocats-rdc.com\/index.php\/wp-json\/wp\/v2\/comments?post=31"}],"version-history":[{"count":3,"href":"https:\/\/yan-avocats-rdc.com\/index.php\/wp-json\/wp\/v2\/pages\/31\/revisions"}],"predecessor-version":[{"id":433,"href":"https:\/\/yan-avocats-rdc.com\/index.php\/wp-json\/wp\/v2\/pages\/31\/revisions\/433"}],"wp:attachment":[{"href":"https:\/\/yan-avocats-rdc.com\/index.php\/wp-json\/wp\/v2\/media?parent=31"}],"curies":[{"name":"wp","href":"https:\/\/api.w.org\/{rel}","templated":true}]}}